{"id":1791,"date":"2025-02-18T23:15:18","date_gmt":"2025-02-18T22:15:18","guid":{"rendered":"https:\/\/taxicalongepalamos.com\/ca\/?page_id=1791"},"modified":"2025-02-18T23:15:18","modified_gmt":"2025-02-18T22:15:18","slug":"festes-populars-i-altres","status":"publish","type":"page","link":"https:\/\/taxicalongepalamos.com\/ca\/festes-populars-i-altres\/","title":{"rendered":"Festes Populars I altres"},"content":{"rendered":"\n<p><strong>Carnaval <\/strong>de<strong> Palam\u00f3s<\/strong>, <strong>Calonge i Sant Antoni<\/strong>. Carnavals a la <strong>Costa Brava<\/strong>.<\/p>\n\n\n\n<p>L <strong>Carnaval <\/strong>de<strong> Palam\u00f3s <\/strong>2025<\/p>\n\n\n\n<p>www.carnavaldepalamos.cat<\/p>\n\n\n\n<figure class=\"wp-block-image size-large\"><img loading=\"lazy\" decoding=\"async\" width=\"1024\" height=\"1024\" src=\"https:\/\/taxicalongepalamos.com\/wp-content\/uploads\/2025\/02\/img_8179-2-1-1024x1024.jpg\" class=\"wp-image-1793\" srcset=\"https:\/\/taxicalongepalamos.com\/wp-content\/uploads\/2025\/02\/img_8179-2-1-1024x1024.jpg 1024w, https:\/\/taxicalongepalamos.com\/wp-content\/uploads\/2025\/02\/img_8179-2-1-300x300.jpg 300w, https:\/\/taxicalongepalamos.com\/wp-content\/uploads\/2025\/02\/img_8179-2-1-150x150.jpg 150w, https:\/\/taxicalongepalamos.com\/wp-content\/uploads\/2025\/02\/img_8179-2-1-768x768.jpg 768w, https:\/\/taxicalongepalamos.com\/wp-content\/uploads\/2025\/02\/img_8179-2-1-12x12.jpg 12w, https:\/\/taxicalongepalamos.com\/wp-content\/uploads\/2025\/02\/img_8179-2-1.jpg 1080w\" sizes=\"auto, (max-width: 1024px) 100vw, 1024px\" \/><\/figure>\n\n\n\n<p>Disposat a estar al vostre servei a <strong>Palam\u00f3s<\/strong> aquests dies de xerinola <\/p>\n\n\n\n<p>Aquest any, el&nbsp;<strong>Carnaval de Palam\u00f3s 2025<\/strong>t\u2019ofereix un calendari carregat d\u2019actes que faran que cada instant sigui especial:&nbsp;<\/p>\n\n\n\n<ul class=\"wp-block-list\">\n<li><strong>Dissabte 22 de febrer<\/strong>\n<ul class=\"wp-block-list\">\n<li>21h: Gran sopar de presentaci\u00f3 del\u00a0<strong>Carnestoltes i la Reina<\/strong><\/li>\n\n\n\n<li>23h: Espectacle de les\u00a0<strong>colles premiades del Carnaval 2024<\/strong><\/li>\n\n\n\n<li>24h: Festa amb\u00a0<strong>DJ Xavi FDZ<\/strong>, diversi\u00f3 fins a la matinada<\/li>\n<\/ul>\n<\/li>\n\n\n\n<li><strong>Diumenge 23 de febrer<\/strong>\n<ul class=\"wp-block-list\">\n<li>12h:\u00a0<strong>Vermut dels Pirats<\/strong>, amb ambient mariner i m\u00fasica en viu<\/li>\n\n\n\n<li>17h: Presentaci\u00f3 del\u00a0<strong>Carnestoltes i la Reina Infantil<\/strong>, un espectacle ple de creativitat<\/li>\n<\/ul>\n<\/li>\n\n\n\n<li><strong>Dijous 27 de febrer<\/strong>\n<ul class=\"wp-block-list\">\n<li>11h:\u00a0<strong>Gran Rua Infantil<\/strong>, un dels moments m\u00e9s entranyables<\/li>\n\n\n\n<li>17:30h:\u00a0<strong>Rua Infantil i Juvenil<\/strong>, amb disfresses espectaculars<\/li>\n\n\n\n<li>18h: Festa amb\u00a0<strong>Grup Maus Kids i DJ Albro<\/strong><\/li>\n<\/ul>\n<\/li>\n\n\n\n<li><strong>Divendres 28 de febrer<\/strong>\n<ul class=\"wp-block-list\">\n<li>12h: Visita del\u00a0<strong>Carnestoltes i la Reina al mercat municipal<\/strong>, animaci\u00f3 i sorpreses<\/li>\n\n\n\n<li>13:30h:\u00a0<strong>Fideuada popular<\/strong>, gaudeix de la gastronomia local<\/li>\n\n\n\n<li>18h:\u00a0<strong>Karnavaloke a la Pla\u00e7a Catalunya<\/strong>, un espai per cantar i passar-ho b\u00e9<\/li>\n<\/ul>\n<\/li>\n\n\n\n<li><strong>Dissabte 1 de mar\u00e7<\/strong>\n<ul class=\"wp-block-list\">\n<li>15:30h:\u00a0<strong>Grandiosa Rua de Carnaval<\/strong>, amb comparses i carrosses espectaculars<\/li>\n\n\n\n<li>En acabar:\u00a0<strong>Gran Festa<\/strong>\u00a0amb concerts en directe:\u00a0<strong>The Covers Band, The Jirous i Kharlitos Selektah<\/strong><\/li>\n<\/ul>\n<\/li>\n\n\n\n<li><strong>Diumenge 2 de mar\u00e7<\/strong>\n<ul class=\"wp-block-list\">\n<li>11h:\u00a0<strong>Gran cercavila matinal<\/strong>, per tancar la festa amb ritme<\/li>\n\n\n\n<li>20h:\u00a0<strong>Concurs-exhibici\u00f3 de comparses<\/strong>, un espectacle ple de creativitat<\/li>\n<\/ul>\n<\/li>\n\n\n\n<li><strong>Dimecres 5 de mar\u00e7<\/strong>\n<ul class=\"wp-block-list\">\n<li>18:30h: Representaci\u00f3 de la\u00a0<strong>mort del Carnestoltes<\/strong>, una cerim\u00f2nia carregada de tradici\u00f3<\/li>\n\n\n\n<li>19h:\u00a0<strong>Process\u00f3 de dol i lectura del testament<\/strong>, un acte singular<\/li>\n\n\n\n<li>20h:\u00a0<strong>Sardinada popular<\/strong>, per acomiadar la festa amb un bon sabor de boca<\/li>\n<\/ul>\n<\/li>\n<\/ul>\n\n\n\n<p><strong>2. Carnaval<\/strong> de <strong>Platja D\u2019Aro <\/strong>2025<\/p>\n\n\n\n<figure class=\"wp-block-image size-large\"><img loading=\"lazy\" decoding=\"async\" width=\"1024\" height=\"683\" src=\"https:\/\/taxicalongepalamos.com\/wp-content\/uploads\/2025\/02\/img_8180-1-1024x683.jpg\" class=\"wp-image-1794\" srcset=\"https:\/\/taxicalongepalamos.com\/wp-content\/uploads\/2025\/02\/img_8180-1-1024x683.jpg 1024w, https:\/\/taxicalongepalamos.com\/wp-content\/uploads\/2025\/02\/img_8180-1-300x200.jpg 300w, https:\/\/taxicalongepalamos.com\/wp-content\/uploads\/2025\/02\/img_8180-1-768x512.jpg 768w, https:\/\/taxicalongepalamos.com\/wp-content\/uploads\/2025\/02\/img_8180-1-18x12.jpg 18w, https:\/\/taxicalongepalamos.com\/wp-content\/uploads\/2025\/02\/img_8180-1.jpg 1536w\" sizes=\"auto, (max-width: 1024px) 100vw, 1024px\" \/><\/figure>\n\n\n\n<p>La protagonista de la imatge \u00e9s la caracteritzaci\u00f3 del Rei i les Reines Carnestoltes del la Colla Sense L\u00edmits, il\u00b7lustrada per Nirvana Jim\u00e9nez. Presentaci\u00f3 de Colles i Canvi d\u2019Atributs dissabte 22 de febrer; Preg\u00f3 dels Carnestoltes i Dijous Gras dia 27; Rua de Carrosses i Comparses, dissabte 1 de mar\u00e7; l\u2019endem\u00e0 Rua de Colles Locals a Castell d\u2019Aro; i dimecres dia 5, Enterrament de la Sardina<\/p>\n\n\n\n<p>3. <strong>CARNAVAL<\/strong> <strong>Calonge i Sant Antoni<\/strong> <\/p>\n\n\n\n<figure class=\"wp-block-image size-large\"><img loading=\"lazy\" decoding=\"async\" width=\"474\" height=\"670\" src=\"https:\/\/taxicalongepalamos.com\/wp-content\/uploads\/2025\/02\/img_8183-1.jpg\" class=\"wp-image-1797\" srcset=\"https:\/\/taxicalongepalamos.com\/wp-content\/uploads\/2025\/02\/img_8183-1.jpg 474w, https:\/\/taxicalongepalamos.com\/wp-content\/uploads\/2025\/02\/img_8183-1-212x300.jpg 212w, https:\/\/taxicalongepalamos.com\/wp-content\/uploads\/2025\/02\/img_8183-1-8x12.jpg 8w\" sizes=\"auto, (max-width: 474px) 100vw, 474px\" \/><\/figure>\n\n\n\n<figure class=\"wp-block-image size-large\"><img loading=\"lazy\" decoding=\"async\" width=\"474\" height=\"699\" src=\"https:\/\/taxicalongepalamos.com\/wp-content\/uploads\/2025\/02\/img_8182-1.jpg\" class=\"wp-image-1799\" srcset=\"https:\/\/taxicalongepalamos.com\/wp-content\/uploads\/2025\/02\/img_8182-1.jpg 474w, https:\/\/taxicalongepalamos.com\/wp-content\/uploads\/2025\/02\/img_8182-1-203x300.jpg 203w, https:\/\/taxicalongepalamos.com\/wp-content\/uploads\/2025\/02\/img_8182-1-8x12.jpg 8w\" sizes=\"auto, (max-width: 474px) 100vw, 474px\" \/><\/figure>\n\n\n\n<figure class=\"wp-block-image size-large\"><img loading=\"lazy\" decoding=\"async\" width=\"474\" height=\"673\" src=\"https:\/\/taxicalongepalamos.com\/wp-content\/uploads\/2025\/02\/img_8184-1.jpg\" class=\"wp-image-1800\" srcset=\"https:\/\/taxicalongepalamos.com\/wp-content\/uploads\/2025\/02\/img_8184-1.jpg 474w, https:\/\/taxicalongepalamos.com\/wp-content\/uploads\/2025\/02\/img_8184-1-211x300.jpg 211w, https:\/\/taxicalongepalamos.com\/wp-content\/uploads\/2025\/02\/img_8184-1-8x12.jpg 8w\" sizes=\"auto, (max-width: 474px) 100vw, 474px\" \/><\/figure>\n\n\n\n<p>BON CARNAVAL A TOTS I TOTES !! <\/p>\n","protected":false},"excerpt":{"rendered":"<p>Carnaval de Palam\u00f3s, Calonge i Sant Antoni. Carnavals a la Costa Brava. L Carnaval de Palam\u00f3s 2025 www.carnavaldepalamos.cat Disposat a estar al vostre servei a Palam\u00f3s aquests dies de xerinola Aquest any, el&nbsp;Carnaval de Palam\u00f3s 2025t\u2019ofereix un calendari carregat d\u2019actes que faran que cada instant sigui especial:&nbsp; 2. Carnaval de Platja D\u2019Aro 2025 La protagonista [&hellip;]<\/p>\n","protected":false},"author":194005002,"featured_media":1792,"parent":0,"menu_order":0,"comment_status":"closed","ping_status":"closed","template":"","meta":{"footnotes":""},"class_list":["post-1791","page","type-page","status-publish","has-post-thumbnail","hentry"],"yoast_head":"<!-- This site is optimized with the Yoast SEO Premium plugin v27.2 (Yoast SEO v27.2) - https:\/\/yoast.com\/product\/yoast-seo-premium-wordpress\/ -->\n<title>Festes Populars I altres - TAXI CALONGE &amp; PALAMOS<\/title>\n<meta name=\"robots\" content=\"index, follow, max-snippet:-1, max-image-preview:large, max-video-preview:-1\" \/>\n<link rel=\"canonical\" href=\"https:\/\/taxicalongepalamos.com\/ca\/festes-populars-i-altres\/\" \/>\n<meta property=\"og:locale\" content=\"ca_ES\" \/>\n<meta property=\"og:type\" content=\"article\" \/>\n<meta property=\"og:title\" content=\"Festes Populars I altres\" \/>\n<meta property=\"og:description\" content=\"Carnaval de Palam\u00f3s, Calonge i Sant Antoni. Carnavals a la Costa Brava. L Carnaval de Palam\u00f3s 2025 www.carnavaldepalamos.cat Disposat a estar al vostre servei a Palam\u00f3s aquests dies de xerinola Aquest any, el&nbsp;Carnaval de Palam\u00f3s 2025t\u2019ofereix un calendari carregat d\u2019actes que faran que cada instant sigui especial:&nbsp; 2. Carnaval de Platja D\u2019Aro 2025 La protagonista [&hellip;]\" \/>\n<meta property=\"og:url\" content=\"https:\/\/taxicalongepalamos.com\/ca\/festes-populars-i-altres\/\" \/>\n<meta property=\"og:site_name\" content=\"TAXI CALONGE &amp; PALAMOS\" \/>\n<meta property=\"og:image\" content=\"https:\/\/taxicalongepalamos.com\/wp-content\/uploads\/2025\/02\/img_8179-1.jpg\" \/>\n\t<meta property=\"og:image:width\" content=\"1080\" \/>\n\t<meta property=\"og:image:height\" content=\"1080\" \/>\n\t<meta property=\"og:image:type\" content=\"image\/jpeg\" \/>\n<meta name=\"twitter:card\" content=\"summary_large_image\" \/>\n<meta name=\"twitter:label1\" content=\"Temps estimat de lectura\" \/>\n\t<meta name=\"twitter:data1\" content=\"2 minuts\" \/>\n<script type=\"application\/ld+json\" class=\"yoast-schema-graph\">{\"@context\":\"https:\/\/schema.org\",\"@graph\":[{\"@type\":\"WebPage\",\"@id\":\"https:\/\/taxicalongepalamos.com\/fr\/festes-populars-i-altres\/\",\"url\":\"https:\/\/taxicalongepalamos.com\/fr\/festes-populars-i-altres\/\",\"name\":\"Festes Populars I altres - TAXI CALONGE &amp; PALAMOS\",\"isPartOf\":{\"@id\":\"https:\/\/taxicalongepalamos.com\/ca\/#website\"},\"primaryImageOfPage\":{\"@id\":\"https:\/\/taxicalongepalamos.com\/fr\/festes-populars-i-altres\/#primaryimage\"},\"image\":{\"@id\":\"https:\/\/taxicalongepalamos.com\/fr\/festes-populars-i-altres\/#primaryimage\"},\"thumbnailUrl\":\"https:\/\/taxicalongepalamos.com\/wp-content\/uploads\/2025\/02\/img_8179-1.jpg\",\"datePublished\":\"2025-02-18T22:15:18+00:00\",\"breadcrumb\":{\"@id\":\"https:\/\/taxicalongepalamos.com\/fr\/festes-populars-i-altres\/#breadcrumb\"},\"inLanguage\":\"ca\",\"potentialAction\":[{\"@type\":\"ReadAction\",\"target\":[\"https:\/\/taxicalongepalamos.com\/fr\/festes-populars-i-altres\/\"]}]},{\"@type\":\"ImageObject\",\"inLanguage\":\"ca\",\"@id\":\"https:\/\/taxicalongepalamos.com\/fr\/festes-populars-i-altres\/#primaryimage\",\"url\":\"https:\/\/taxicalongepalamos.com\/wp-content\/uploads\/2025\/02\/img_8179-1.jpg\",\"contentUrl\":\"https:\/\/taxicalongepalamos.com\/wp-content\/uploads\/2025\/02\/img_8179-1.jpg\",\"width\":1080,\"height\":1080},{\"@type\":\"BreadcrumbList\",\"@id\":\"https:\/\/taxicalongepalamos.com\/fr\/festes-populars-i-altres\/#breadcrumb\",\"itemListElement\":[{\"@type\":\"ListItem\",\"position\":1,\"name\":\"Inici\",\"item\":\"https:\/\/taxicalongepalamos.com\/ca\/\"},{\"@type\":\"ListItem\",\"position\":2,\"name\":\"Festes Populars I altres\"}]},{\"@type\":\"WebSite\",\"@id\":\"https:\/\/taxicalongepalamos.com\/ca\/#website\",\"url\":\"https:\/\/taxicalongepalamos.com\/ca\/\",\"name\":\"TAXI CALONGE & PALAMOS\",\"description\":\"Servicio de taxi en Palam\u00f3s , Calonge-Sant Antoni\",\"publisher\":{\"@id\":\"https:\/\/taxicalongepalamos.com\/ca\/#\/schema\/person\/29d5c9e618bd1dc092da150d271f8085\"},\"alternateName\":\"Taxi Lluis\",\"potentialAction\":[{\"@type\":\"SearchAction\",\"target\":{\"@type\":\"EntryPoint\",\"urlTemplate\":\"https:\/\/taxicalongepalamos.com\/ca\/?s={search_term_string}\"},\"query-input\":{\"@type\":\"PropertyValueSpecification\",\"valueRequired\":true,\"valueName\":\"search_term_string\"}}],\"inLanguage\":\"ca\"},{\"@type\":[\"Person\",\"Organization\"],\"@id\":\"https:\/\/taxicalongepalamos.com\/ca\/#\/schema\/person\/29d5c9e618bd1dc092da150d271f8085\",\"name\":\"TAXI ISMAEL 24h\",\"image\":{\"@type\":\"ImageObject\",\"inLanguage\":\"ca\",\"@id\":\"https:\/\/taxicalongepalamos.com\/wp-content\/uploads\/2022\/06\/image.jpg\",\"url\":\"https:\/\/taxicalongepalamos.com\/wp-content\/uploads\/2022\/06\/image.jpg\",\"contentUrl\":\"https:\/\/taxicalongepalamos.com\/wp-content\/uploads\/2022\/06\/image.jpg\",\"width\":960,\"height\":960,\"caption\":\"TAXI ISMAEL 24h\"},\"logo\":{\"@id\":\"https:\/\/taxicalongepalamos.com\/wp-content\/uploads\/2022\/06\/image.jpg\"},\"description\":\"Servicio Oficial de Taxi en Calonge-Sant Antoni y Palam\u00f3s . En Catalunya , Girona - Costa Brava\",\"sameAs\":[\"https:\/\/taxicalongepalamos.com\"]}]}<\/script>\n<!-- \/ Yoast SEO Premium plugin. -->","yoast_head_json":{"title":"Festes Populars I altres - TAXI CALONGE &amp; PALAMOS","robots":{"index":"index","follow":"follow","max-snippet":"max-snippet:-1","max-image-preview":"max-image-preview:large","max-video-preview":"max-video-preview:-1"},"canonical":"https:\/\/taxicalongepalamos.com\/ca\/festes-populars-i-altres\/","og_locale":"ca_ES","og_type":"article","og_title":"Festes Populars I altres","og_description":"Carnaval de Palam\u00f3s, Calonge i Sant Antoni. Carnavals a la Costa Brava. L Carnaval de Palam\u00f3s 2025 www.carnavaldepalamos.cat Disposat a estar al vostre servei a Palam\u00f3s aquests dies de xerinola Aquest any, el&nbsp;Carnaval de Palam\u00f3s 2025t\u2019ofereix un calendari carregat d\u2019actes que faran que cada instant sigui especial:&nbsp; 2. Carnaval de Platja D\u2019Aro 2025 La protagonista [&hellip;]","og_url":"https:\/\/taxicalongepalamos.com\/ca\/festes-populars-i-altres\/","og_site_name":"TAXI CALONGE &amp; PALAMOS","og_image":[{"width":1080,"height":1080,"url":"https:\/\/taxicalongepalamos.com\/wp-content\/uploads\/2025\/02\/img_8179-1.jpg","type":"image\/jpeg"}],"twitter_card":"summary_large_image","twitter_misc":{"Temps estimat de lectura":"2 minuts"},"schema":{"@context":"https:\/\/schema.org","@graph":[{"@type":"WebPage","@id":"https:\/\/taxicalongepalamos.com\/fr\/festes-populars-i-altres\/","url":"https:\/\/taxicalongepalamos.com\/fr\/festes-populars-i-altres\/","name":"Festes Populars I altres - TAXI CALONGE &amp; PALAMOS","isPartOf":{"@id":"https:\/\/taxicalongepalamos.com\/ca\/#website"},"primaryImageOfPage":{"@id":"https:\/\/taxicalongepalamos.com\/fr\/festes-populars-i-altres\/#primaryimage"},"image":{"@id":"https:\/\/taxicalongepalamos.com\/fr\/festes-populars-i-altres\/#primaryimage"},"thumbnailUrl":"https:\/\/taxicalongepalamos.com\/wp-content\/uploads\/2025\/02\/img_8179-1.jpg","datePublished":"2025-02-18T22:15:18+00:00","breadcrumb":{"@id":"https:\/\/taxicalongepalamos.com\/fr\/festes-populars-i-altres\/#breadcrumb"},"inLanguage":"ca","potentialAction":[{"@type":"ReadAction","target":["https:\/\/taxicalongepalamos.com\/fr\/festes-populars-i-altres\/"]}]},{"@type":"ImageObject","inLanguage":"ca","@id":"https:\/\/taxicalongepalamos.com\/fr\/festes-populars-i-altres\/#primaryimage","url":"https:\/\/taxicalongepalamos.com\/wp-content\/uploads\/2025\/02\/img_8179-1.jpg","contentUrl":"https:\/\/taxicalongepalamos.com\/wp-content\/uploads\/2025\/02\/img_8179-1.jpg","width":1080,"height":1080},{"@type":"BreadcrumbList","@id":"https:\/\/taxicalongepalamos.com\/fr\/festes-populars-i-altres\/#breadcrumb","itemListElement":[{"@type":"ListItem","position":1,"name":"Inici","item":"https:\/\/taxicalongepalamos.com\/ca\/"},{"@type":"ListItem","position":2,"name":"Festes Populars I altres"}]},{"@type":"WebSite","@id":"https:\/\/taxicalongepalamos.com\/ca\/#website","url":"https:\/\/taxicalongepalamos.com\/ca\/","name":"TAXI CALONGE & PALAMOS","description":"Servicio de taxi en Palam\u00f3s , Calonge-Sant Antoni","publisher":{"@id":"https:\/\/taxicalongepalamos.com\/ca\/#\/schema\/person\/29d5c9e618bd1dc092da150d271f8085"},"alternateName":"Taxi Lluis","potentialAction":[{"@type":"SearchAction","target":{"@type":"EntryPoint","urlTemplate":"https:\/\/taxicalongepalamos.com\/ca\/?s={search_term_string}"},"query-input":{"@type":"PropertyValueSpecification","valueRequired":true,"valueName":"search_term_string"}}],"inLanguage":"ca"},{"@type":["Person","Organization"],"@id":"https:\/\/taxicalongepalamos.com\/ca\/#\/schema\/person\/29d5c9e618bd1dc092da150d271f8085","name":"TAXI ISMAEL 24h","image":{"@type":"ImageObject","inLanguage":"ca","@id":"https:\/\/taxicalongepalamos.com\/wp-content\/uploads\/2022\/06\/image.jpg","url":"https:\/\/taxicalongepalamos.com\/wp-content\/uploads\/2022\/06\/image.jpg","contentUrl":"https:\/\/taxicalongepalamos.com\/wp-content\/uploads\/2022\/06\/image.jpg","width":960,"height":960,"caption":"TAXI ISMAEL 24h"},"logo":{"@id":"https:\/\/taxicalongepalamos.com\/wp-content\/uploads\/2022\/06\/image.jpg"},"description":"Servicio Oficial de Taxi en Calonge-Sant Antoni y Palam\u00f3s . En Catalunya , Girona - Costa Brava","sameAs":["https:\/\/taxicalongepalamos.com"]}]}},"_links":{"self":[{"href":"https:\/\/taxicalongepalamos.com\/ca\/wp-json\/wp\/v2\/pages\/1791","targetHints":{"allow":["GET"]}}],"collection":[{"href":"https:\/\/taxicalongepalamos.com\/ca\/wp-json\/wp\/v2\/pages"}],"about":[{"href":"https:\/\/taxicalongepalamos.com\/ca\/wp-json\/wp\/v2\/types\/page"}],"author":[{"embeddable":true,"href":"https:\/\/taxicalongepalamos.com\/ca\/wp-json\/wp\/v2\/users\/194005002"}],"replies":[{"embeddable":true,"href":"https:\/\/taxicalongepalamos.com\/ca\/wp-json\/wp\/v2\/comments?post=1791"}],"version-history":[{"count":1,"href":"https:\/\/taxicalongepalamos.com\/ca\/wp-json\/wp\/v2\/pages\/1791\/revisions"}],"predecessor-version":[{"id":1802,"href":"https:\/\/taxicalongepalamos.com\/ca\/wp-json\/wp\/v2\/pages\/1791\/revisions\/1802"}],"wp:featuredmedia":[{"embeddable":true,"href":"https:\/\/taxicalongepalamos.com\/ca\/wp-json\/wp\/v2\/media\/1792"}],"wp:attachment":[{"href":"https:\/\/taxicalongepalamos.com\/ca\/wp-json\/wp\/v2\/media?parent=1791"}],"curies":[{"name":"wp","href":"https:\/\/api.w.org\/{rel}","templated":true}]}}