{"id":1791,"date":"2025-02-18T23:15:18","date_gmt":"2025-02-18T22:15:18","guid":{"rendered":"https:\/\/taxicalongepalamos.com\/ca\/?page_id=1791"},"modified":"2025-02-18T23:15:18","modified_gmt":"2025-02-18T22:15:18","slug":"festes-populars-i-altres","status":"publish","type":"page","link":"https:\/\/taxicalongepalamos.com\/fr\/festes-populars-i-altres\/","title":{"rendered":"F\u00eates populaires et autres"},"content":{"rendered":"<p><strong>Carnaval <\/strong>depuis<strong> Palamos<\/strong>, <strong>Calonge et Sant Antoni<\/strong>Carnavals dans le <strong>Costa Brava<\/strong>.<\/p>\n\n\n\n<p>L <strong>Carnaval <\/strong>depuis<strong> Palamos <\/strong>2025<\/p>\n\n\n\n<p>www.carnavaldepalamos.cat<\/p>\n\n\n\n<figure class=\"wp-block-image size-large\"><img loading=\"lazy\" decoding=\"async\" width=\"1024\" height=\"1024\" src=\"https:\/\/taxicalongepalamos.com\/wp-content\/uploads\/2025\/02\/img_8179-2-1-1024x1024.jpg\" class=\"wp-image-1793\" srcset=\"https:\/\/taxicalongepalamos.com\/wp-content\/uploads\/2025\/02\/img_8179-2-1-1024x1024.jpg 1024w, https:\/\/taxicalongepalamos.com\/wp-content\/uploads\/2025\/02\/img_8179-2-1-300x300.jpg 300w, https:\/\/taxicalongepalamos.com\/wp-content\/uploads\/2025\/02\/img_8179-2-1-150x150.jpg 150w, https:\/\/taxicalongepalamos.com\/wp-content\/uploads\/2025\/02\/img_8179-2-1-768x768.jpg 768w, https:\/\/taxicalongepalamos.com\/wp-content\/uploads\/2025\/02\/img_8179-2-1-12x12.jpg 12w, https:\/\/taxicalongepalamos.com\/wp-content\/uploads\/2025\/02\/img_8179-2-1.jpg 1080w\" sizes=\"auto, (max-width: 1024px) 100vw, 1024px\" \/><\/figure>\n\n\n\n<p>Pr\u00eat \u00e0 \u00eatre \u00e0 votre service \u00e0 <strong>Palamos<\/strong> ces jours de xerinola <\/p>\n\n\n\n<p>Cette ann\u00e9e, le&nbsp;<strong>Carnaval de Palam\u00f3s 2025<\/strong>vous propose un calendrier rempli d&#039;\u00e9v\u00e9nements qui rendront chaque instant sp\u00e9cial :&nbsp;<\/p>\n\n\n\n<ul class=\"wp-block-list\">\n<li><strong>Samedi 22 f\u00e9vrier<\/strong>\n<ul class=\"wp-block-list\">\n<li>21h : D\u00eener de grande pr\u00e9sentation\u00a0<strong>Le Carnaval et la Reine<\/strong><\/li>\n\n\n\n<li>23h : Spectacle du\u00a0<strong>Groupes prim\u00e9s du Carnaval 2024<\/strong><\/li>\n\n\n\n<li>24h : F\u00eate avec\u00a0<strong>DJ Xavi FDZ<\/strong>, du plaisir jusqu&#039;\u00e0 l&#039;aube<\/li>\n<\/ul>\n<\/li>\n\n\n\n<li><strong>Dimanche 23 f\u00e9vrier<\/strong>\n<ul class=\"wp-block-list\">\n<li>12h00 :\u00a0<strong>Vermouth des Pirates<\/strong>, avec une ambiance nautique et de la musique live<\/li>\n\n\n\n<li>17h : Pr\u00e9sentation du\u00a0<strong>Le Carnaval et la Reine des Enfants<\/strong>, un spectacle plein de cr\u00e9ativit\u00e9<\/li>\n<\/ul>\n<\/li>\n\n\n\n<li><strong>Jeudi 27 f\u00e9vrier<\/strong>\n<ul class=\"wp-block-list\">\n<li>11h :\u00a0<strong>Grande rue des enfants<\/strong>, l&#039;un des moments les plus attachants<\/li>\n\n\n\n<li>17h30 :\u00a0<strong>Rue des enfants et des jeunes<\/strong>, avec des costumes spectaculaires<\/li>\n\n\n\n<li>18h : F\u00eate avec\u00a0<strong>Groupe Maus Kids et DJ Albro<\/strong><\/li>\n<\/ul>\n<\/li>\n\n\n\n<li><strong>Vendredi 28 f\u00e9vrier<\/strong>\n<ul class=\"wp-block-list\">\n<li>12h00 : Visite du\u00a0<strong>Carnaval et la Reine au march\u00e9 municipal<\/strong>, animation et surprises<\/li>\n\n\n\n<li>13h30 :\u00a0<strong>Fid\u00e9uada populaire<\/strong>, profitez de la cuisine locale<\/li>\n\n\n\n<li>18h :\u00a0<strong>Karnavaloke sur la Pla\u00e7a Catalunya<\/strong>, un espace pour chanter et passer un bon moment<\/li>\n<\/ul>\n<\/li>\n\n\n\n<li><strong>Samedi 1er mars<\/strong>\n<ul class=\"wp-block-list\">\n<li>15h30 :\u00a0<strong>Grande rue du Carnaval<\/strong>, avec des d\u00e9fil\u00e9s et des chars spectaculaires<\/li>\n\n\n\n<li>Une fois termin\u00e9 :\u00a0<strong>Grande f\u00eate<\/strong>\u00a0avec des concerts en direct :\u00a0<strong>Le groupe Covers, The Jirous et Kharlitos Selektah<\/strong><\/li>\n<\/ul>\n<\/li>\n\n\n\n<li><strong>Dimanche 2 mars<\/strong>\n<ul class=\"wp-block-list\">\n<li>11h :\u00a0<strong>Grand d\u00e9fil\u00e9 matinal<\/strong>, pour cl\u00f4turer la f\u00eate en rythme<\/li>\n\n\n\n<li>20h :\u00a0<strong>Concours-exposition de troupes<\/strong>, un spectacle plein de cr\u00e9ativit\u00e9<\/li>\n<\/ul>\n<\/li>\n\n\n\n<li><strong>Mercredi 5 mars<\/strong>\n<ul class=\"wp-block-list\">\n<li>18h30 : Repr\u00e9sentation du\u00a0<strong>mort du Carnaval<\/strong>, une c\u00e9r\u00e9monie pleine de tradition<\/li>\n\n\n\n<li>19h :\u00a0<strong>Procession fun\u00e9raire et lecture du testament<\/strong>, un acte singulier<\/li>\n\n\n\n<li>20h :\u00a0<strong>Plat populaire \u00e0 base de sardines<\/strong>, pour dire au revoir \u00e0 la f\u00eate avec un bon go\u00fbt dans la bouche<\/li>\n<\/ul>\n<\/li>\n<\/ul>\n\n\n\n<p><strong>2. Carnaval<\/strong> depuis <strong>Plage d&#039;Aro <\/strong>2025<\/p>\n\n\n\n<figure class=\"wp-block-image size-large\"><img loading=\"lazy\" decoding=\"async\" width=\"1024\" height=\"683\" src=\"https:\/\/taxicalongepalamos.com\/wp-content\/uploads\/2025\/02\/img_8180-1-1024x683.jpg\" class=\"wp-image-1794\" srcset=\"https:\/\/taxicalongepalamos.com\/wp-content\/uploads\/2025\/02\/img_8180-1-1024x683.jpg 1024w, https:\/\/taxicalongepalamos.com\/wp-content\/uploads\/2025\/02\/img_8180-1-300x200.jpg 300w, https:\/\/taxicalongepalamos.com\/wp-content\/uploads\/2025\/02\/img_8180-1-768x512.jpg 768w, https:\/\/taxicalongepalamos.com\/wp-content\/uploads\/2025\/02\/img_8180-1-18x12.jpg 18w, https:\/\/taxicalongepalamos.com\/wp-content\/uploads\/2025\/02\/img_8180-1.jpg 1536w\" sizes=\"auto, (max-width: 1024px) 100vw, 1024px\" \/><\/figure>\n\n\n\n<p>Le personnage principal de l&#039;image est le personnage du Roi et des Reines du Carnaval, tir\u00e9 de la Colla Sense L\u00edmits, illustr\u00e9e par Nirvana Jim\u00e9nez. Pr\u00e9sentation des Collas et changement d&#039;attributs le samedi 22 f\u00e9vrier\u00a0; proclamation du Carnaval et Mardi gras le 27\u00a0; rue des Carrosses et des Comparses le samedi 1er\u00a0mars\u00a0; le lendemain, rue des Colles Locals \u00e0 Castell d&#039;Aro\u00a0; et mercredi 5, enterrement de la Sardine.<\/p>\n\n\n\n<p>3. <strong>CARNAVAL<\/strong> <strong>Calonge et Sant Antoni<\/strong> <\/p>\n\n\n\n<figure class=\"wp-block-image size-large\"><img loading=\"lazy\" decoding=\"async\" width=\"474\" height=\"670\" src=\"https:\/\/taxicalongepalamos.com\/wp-content\/uploads\/2025\/02\/img_8183-1.jpg\" class=\"wp-image-1797\" srcset=\"https:\/\/taxicalongepalamos.com\/wp-content\/uploads\/2025\/02\/img_8183-1.jpg 474w, https:\/\/taxicalongepalamos.com\/wp-content\/uploads\/2025\/02\/img_8183-1-212x300.jpg 212w, https:\/\/taxicalongepalamos.com\/wp-content\/uploads\/2025\/02\/img_8183-1-8x12.jpg 8w\" sizes=\"auto, (max-width: 474px) 100vw, 474px\" \/><\/figure>\n\n\n\n<figure class=\"wp-block-image size-large\"><img loading=\"lazy\" decoding=\"async\" width=\"474\" height=\"699\" src=\"https:\/\/taxicalongepalamos.com\/wp-content\/uploads\/2025\/02\/img_8182-1.jpg\" class=\"wp-image-1799\" srcset=\"https:\/\/taxicalongepalamos.com\/wp-content\/uploads\/2025\/02\/img_8182-1.jpg 474w, https:\/\/taxicalongepalamos.com\/wp-content\/uploads\/2025\/02\/img_8182-1-203x300.jpg 203w, https:\/\/taxicalongepalamos.com\/wp-content\/uploads\/2025\/02\/img_8182-1-8x12.jpg 8w\" sizes=\"auto, (max-width: 474px) 100vw, 474px\" \/><\/figure>\n\n\n\n<figure class=\"wp-block-image size-large\"><img loading=\"lazy\" decoding=\"async\" width=\"474\" height=\"673\" src=\"https:\/\/taxicalongepalamos.com\/wp-content\/uploads\/2025\/02\/img_8184-1.jpg\" class=\"wp-image-1800\" srcset=\"https:\/\/taxicalongepalamos.com\/wp-content\/uploads\/2025\/02\/img_8184-1.jpg 474w, https:\/\/taxicalongepalamos.com\/wp-content\/uploads\/2025\/02\/img_8184-1-211x300.jpg 211w, https:\/\/taxicalongepalamos.com\/wp-content\/uploads\/2025\/02\/img_8184-1-8x12.jpg 8w\" sizes=\"auto, (max-width: 474px) 100vw, 474px\" \/><\/figure>\n\n\n\n<p>BON CARNAVAL \u00c0 TOUS !! <\/p>","protected":false},"excerpt":{"rendered":"<p>Carnaval de Palam\u00f3s, Calonge i Sant Antoni. Carnavals a la Costa Brava. L Carnaval de Palam\u00f3s 2025 www.carnavaldepalamos.cat Disposat a estar al vostre servei a Palam\u00f3s aquests dies de xerinola Aquest any, el&nbsp;Carnaval de Palam\u00f3s 2025t\u2019ofereix un calendari carregat d\u2019actes que faran que cada instant sigui especial:&nbsp; 2. Carnaval de Platja D\u2019Aro 2025 La protagonista [&hellip;]<\/p>\n","protected":false},"author":194005002,"featured_media":1792,"parent":0,"menu_order":0,"comment_status":"closed","ping_status":"closed","template":"","meta":{"footnotes":""},"class_list":["post-1791","page","type-page","status-publish","has-post-thumbnail","hentry"],"yoast_head":"<!-- This site is optimized with the Yoast SEO Premium plugin v27.2 (Yoast SEO v27.2) - https:\/\/yoast.com\/product\/yoast-seo-premium-wordpress\/ -->\n<title>Festes Populars I altres - TAXI CALONGE &amp; PALAMOS<\/title>\n<meta name=\"robots\" content=\"index, follow, max-snippet:-1, max-image-preview:large, max-video-preview:-1\" \/>\n<link rel=\"canonical\" href=\"https:\/\/taxicalongepalamos.com\/fr\/festes-populars-i-altres\/\" \/>\n<meta property=\"og:locale\" content=\"fr_FR\" \/>\n<meta property=\"og:type\" content=\"article\" \/>\n<meta property=\"og:title\" content=\"Festes Populars I altres\" \/>\n<meta property=\"og:description\" content=\"Carnaval de Palam\u00f3s, Calonge i Sant Antoni. Carnavals a la Costa Brava. L Carnaval de Palam\u00f3s 2025 www.carnavaldepalamos.cat Disposat a estar al vostre servei a Palam\u00f3s aquests dies de xerinola Aquest any, el&nbsp;Carnaval de Palam\u00f3s 2025t\u2019ofereix un calendari carregat d\u2019actes que faran que cada instant sigui especial:&nbsp; 2. Carnaval de Platja D\u2019Aro 2025 La protagonista [&hellip;]\" \/>\n<meta property=\"og:url\" content=\"https:\/\/taxicalongepalamos.com\/fr\/festes-populars-i-altres\/\" \/>\n<meta property=\"og:site_name\" content=\"TAXI CALONGE &amp; PALAMOS\" \/>\n<meta property=\"og:image\" content=\"https:\/\/taxicalongepalamos.com\/wp-content\/uploads\/2025\/02\/img_8179-1.jpg\" \/>\n\t<meta property=\"og:image:width\" content=\"1080\" \/>\n\t<meta property=\"og:image:height\" content=\"1080\" \/>\n\t<meta property=\"og:image:type\" content=\"image\/jpeg\" \/>\n<meta name=\"twitter:card\" content=\"summary_large_image\" \/>\n<meta name=\"twitter:label1\" content=\"Dur\u00e9e de lecture estim\u00e9e\" \/>\n\t<meta name=\"twitter:data1\" content=\"2 minutes\" \/>\n<script type=\"application\/ld+json\" class=\"yoast-schema-graph\">{\"@context\":\"https:\/\/schema.org\",\"@graph\":[{\"@type\":\"WebPage\",\"@id\":\"https:\/\/taxicalongepalamos.com\/fr\/festes-populars-i-altres\/\",\"url\":\"https:\/\/taxicalongepalamos.com\/fr\/festes-populars-i-altres\/\",\"name\":\"Festes Populars I altres - TAXI CALONGE &amp; PALAMOS\",\"isPartOf\":{\"@id\":\"https:\/\/taxicalongepalamos.com\/ca\/#website\"},\"primaryImageOfPage\":{\"@id\":\"https:\/\/taxicalongepalamos.com\/fr\/festes-populars-i-altres\/#primaryimage\"},\"image\":{\"@id\":\"https:\/\/taxicalongepalamos.com\/fr\/festes-populars-i-altres\/#primaryimage\"},\"thumbnailUrl\":\"https:\/\/taxicalongepalamos.com\/wp-content\/uploads\/2025\/02\/img_8179-1.jpg\",\"datePublished\":\"2025-02-18T22:15:18+00:00\",\"breadcrumb\":{\"@id\":\"https:\/\/taxicalongepalamos.com\/fr\/festes-populars-i-altres\/#breadcrumb\"},\"inLanguage\":\"fr-FR\",\"potentialAction\":[{\"@type\":\"ReadAction\",\"target\":[\"https:\/\/taxicalongepalamos.com\/fr\/festes-populars-i-altres\/\"]}]},{\"@type\":\"ImageObject\",\"inLanguage\":\"fr-FR\",\"@id\":\"https:\/\/taxicalongepalamos.com\/fr\/festes-populars-i-altres\/#primaryimage\",\"url\":\"https:\/\/taxicalongepalamos.com\/wp-content\/uploads\/2025\/02\/img_8179-1.jpg\",\"contentUrl\":\"https:\/\/taxicalongepalamos.com\/wp-content\/uploads\/2025\/02\/img_8179-1.jpg\",\"width\":1080,\"height\":1080},{\"@type\":\"BreadcrumbList\",\"@id\":\"https:\/\/taxicalongepalamos.com\/fr\/festes-populars-i-altres\/#breadcrumb\",\"itemListElement\":[{\"@type\":\"ListItem\",\"position\":1,\"name\":\"Inici\",\"item\":\"https:\/\/taxicalongepalamos.com\/ca\/\"},{\"@type\":\"ListItem\",\"position\":2,\"name\":\"Festes Populars I altres\"}]},{\"@type\":\"WebSite\",\"@id\":\"https:\/\/taxicalongepalamos.com\/ca\/#website\",\"url\":\"https:\/\/taxicalongepalamos.com\/ca\/\",\"name\":\"TAXI CALONGE & PALAMOS\",\"description\":\"Servicio de taxi en Palam\u00f3s , Calonge-Sant Antoni\",\"publisher\":{\"@id\":\"https:\/\/taxicalongepalamos.com\/ca\/#\/schema\/person\/29d5c9e618bd1dc092da150d271f8085\"},\"alternateName\":\"Taxi Lluis\",\"potentialAction\":[{\"@type\":\"SearchAction\",\"target\":{\"@type\":\"EntryPoint\",\"urlTemplate\":\"https:\/\/taxicalongepalamos.com\/ca\/?s={search_term_string}\"},\"query-input\":{\"@type\":\"PropertyValueSpecification\",\"valueRequired\":true,\"valueName\":\"search_term_string\"}}],\"inLanguage\":\"fr-FR\"},{\"@type\":[\"Person\",\"Organization\"],\"@id\":\"https:\/\/taxicalongepalamos.com\/ca\/#\/schema\/person\/29d5c9e618bd1dc092da150d271f8085\",\"name\":\"TAXI ISMAEL 24h\",\"image\":{\"@type\":\"ImageObject\",\"inLanguage\":\"fr-FR\",\"@id\":\"https:\/\/taxicalongepalamos.com\/wp-content\/uploads\/2022\/06\/image.jpg\",\"url\":\"https:\/\/taxicalongepalamos.com\/wp-content\/uploads\/2022\/06\/image.jpg\",\"contentUrl\":\"https:\/\/taxicalongepalamos.com\/wp-content\/uploads\/2022\/06\/image.jpg\",\"width\":960,\"height\":960,\"caption\":\"TAXI ISMAEL 24h\"},\"logo\":{\"@id\":\"https:\/\/taxicalongepalamos.com\/wp-content\/uploads\/2022\/06\/image.jpg\"},\"description\":\"Servicio Oficial de Taxi en Calonge-Sant Antoni y Palam\u00f3s . En Catalunya , Girona - Costa Brava\",\"sameAs\":[\"https:\/\/taxicalongepalamos.com\"]}]}<\/script>\n<!-- \/ Yoast SEO Premium plugin. -->","yoast_head_json":{"title":"Festes Populars I altres - TAXI CALONGE &amp; PALAMOS","robots":{"index":"index","follow":"follow","max-snippet":"max-snippet:-1","max-image-preview":"max-image-preview:large","max-video-preview":"max-video-preview:-1"},"canonical":"https:\/\/taxicalongepalamos.com\/fr\/festes-populars-i-altres\/","og_locale":"fr_FR","og_type":"article","og_title":"Festes Populars I altres","og_description":"Carnaval de Palam\u00f3s, Calonge i Sant Antoni. Carnavals a la Costa Brava. L Carnaval de Palam\u00f3s 2025 www.carnavaldepalamos.cat Disposat a estar al vostre servei a Palam\u00f3s aquests dies de xerinola Aquest any, el&nbsp;Carnaval de Palam\u00f3s 2025t\u2019ofereix un calendari carregat d\u2019actes que faran que cada instant sigui especial:&nbsp; 2. Carnaval de Platja D\u2019Aro 2025 La protagonista [&hellip;]","og_url":"https:\/\/taxicalongepalamos.com\/fr\/festes-populars-i-altres\/","og_site_name":"TAXI CALONGE &amp; PALAMOS","og_image":[{"width":1080,"height":1080,"url":"https:\/\/taxicalongepalamos.com\/wp-content\/uploads\/2025\/02\/img_8179-1.jpg","type":"image\/jpeg"}],"twitter_card":"summary_large_image","twitter_misc":{"Dur\u00e9e de lecture estim\u00e9e":"2 minutes"},"schema":{"@context":"https:\/\/schema.org","@graph":[{"@type":"WebPage","@id":"https:\/\/taxicalongepalamos.com\/fr\/festes-populars-i-altres\/","url":"https:\/\/taxicalongepalamos.com\/fr\/festes-populars-i-altres\/","name":"Festes Populars I altres - TAXI CALONGE &amp; PALAMOS","isPartOf":{"@id":"https:\/\/taxicalongepalamos.com\/ca\/#website"},"primaryImageOfPage":{"@id":"https:\/\/taxicalongepalamos.com\/fr\/festes-populars-i-altres\/#primaryimage"},"image":{"@id":"https:\/\/taxicalongepalamos.com\/fr\/festes-populars-i-altres\/#primaryimage"},"thumbnailUrl":"https:\/\/taxicalongepalamos.com\/wp-content\/uploads\/2025\/02\/img_8179-1.jpg","datePublished":"2025-02-18T22:15:18+00:00","breadcrumb":{"@id":"https:\/\/taxicalongepalamos.com\/fr\/festes-populars-i-altres\/#breadcrumb"},"inLanguage":"fr-FR","potentialAction":[{"@type":"ReadAction","target":["https:\/\/taxicalongepalamos.com\/fr\/festes-populars-i-altres\/"]}]},{"@type":"ImageObject","inLanguage":"fr-FR","@id":"https:\/\/taxicalongepalamos.com\/fr\/festes-populars-i-altres\/#primaryimage","url":"https:\/\/taxicalongepalamos.com\/wp-content\/uploads\/2025\/02\/img_8179-1.jpg","contentUrl":"https:\/\/taxicalongepalamos.com\/wp-content\/uploads\/2025\/02\/img_8179-1.jpg","width":1080,"height":1080},{"@type":"BreadcrumbList","@id":"https:\/\/taxicalongepalamos.com\/fr\/festes-populars-i-altres\/#breadcrumb","itemListElement":[{"@type":"ListItem","position":1,"name":"Inici","item":"https:\/\/taxicalongepalamos.com\/ca\/"},{"@type":"ListItem","position":2,"name":"Festes Populars I altres"}]},{"@type":"WebSite","@id":"https:\/\/taxicalongepalamos.com\/ca\/#website","url":"https:\/\/taxicalongepalamos.com\/ca\/","name":"TAXI CALONGE & PALAMOS","description":"Service de taxi \u00e0 Palam\u00f3s, Calonge-Sant Antoni","publisher":{"@id":"https:\/\/taxicalongepalamos.com\/ca\/#\/schema\/person\/29d5c9e618bd1dc092da150d271f8085"},"alternateName":"Taxi Lluis","potentialAction":[{"@type":"SearchAction","target":{"@type":"EntryPoint","urlTemplate":"https:\/\/taxicalongepalamos.com\/ca\/?s={search_term_string}"},"query-input":{"@type":"PropertyValueSpecification","valueRequired":true,"valueName":"search_term_string"}}],"inLanguage":"fr-FR"},{"@type":["Person","Organization"],"@id":"https:\/\/taxicalongepalamos.com\/ca\/#\/schema\/person\/29d5c9e618bd1dc092da150d271f8085","name":"TAXI ISMAEL 24h","image":{"@type":"ImageObject","inLanguage":"fr-FR","@id":"https:\/\/taxicalongepalamos.com\/wp-content\/uploads\/2022\/06\/image.jpg","url":"https:\/\/taxicalongepalamos.com\/wp-content\/uploads\/2022\/06\/image.jpg","contentUrl":"https:\/\/taxicalongepalamos.com\/wp-content\/uploads\/2022\/06\/image.jpg","width":960,"height":960,"caption":"TAXI ISMAEL 24h"},"logo":{"@id":"https:\/\/taxicalongepalamos.com\/wp-content\/uploads\/2022\/06\/image.jpg"},"description":"Servicio Oficial de Taxi en Calonge-Sant Antoni y Palam\u00f3s . En Catalunya , Girona - Costa Brava","sameAs":["https:\/\/taxicalongepalamos.com"]}]}},"_links":{"self":[{"href":"https:\/\/taxicalongepalamos.com\/fr\/wp-json\/wp\/v2\/pages\/1791","targetHints":{"allow":["GET"]}}],"collection":[{"href":"https:\/\/taxicalongepalamos.com\/fr\/wp-json\/wp\/v2\/pages"}],"about":[{"href":"https:\/\/taxicalongepalamos.com\/fr\/wp-json\/wp\/v2\/types\/page"}],"author":[{"embeddable":true,"href":"https:\/\/taxicalongepalamos.com\/fr\/wp-json\/wp\/v2\/users\/194005002"}],"replies":[{"embeddable":true,"href":"https:\/\/taxicalongepalamos.com\/fr\/wp-json\/wp\/v2\/comments?post=1791"}],"version-history":[{"count":1,"href":"https:\/\/taxicalongepalamos.com\/fr\/wp-json\/wp\/v2\/pages\/1791\/revisions"}],"predecessor-version":[{"id":1802,"href":"https:\/\/taxicalongepalamos.com\/fr\/wp-json\/wp\/v2\/pages\/1791\/revisions\/1802"}],"wp:featuredmedia":[{"embeddable":true,"href":"https:\/\/taxicalongepalamos.com\/fr\/wp-json\/wp\/v2\/media\/1792"}],"wp:attachment":[{"href":"https:\/\/taxicalongepalamos.com\/fr\/wp-json\/wp\/v2\/media?parent=1791"}],"curies":[{"name":"wp","href":"https:\/\/api.w.org\/{rel}","templated":true}]}}