{"id":1306,"date":"2024-02-22T16:29:50","date_gmt":"2024-02-22T15:29:50","guid":{"rendered":"https:\/\/taxicalongepalamos.com\/acerca-de\/"},"modified":"2026-01-26T18:42:55","modified_gmt":"2026-01-26T17:42:55","slug":"acerca-de","status":"publish","type":"page","link":"https:\/\/taxicalongepalamos.com\/nl\/acerca-de\/","title":{"rendered":"Over"},"content":{"rendered":"<h2 class=\"wp-block-heading has-text-align-center has-large-font-size\" id=\"h-benvinguts-a-taxi-calonge-amp-palamos-una-empresa-dedicada-a-oferir-serveis-de-taxi-de-primera-qualitat-a-calonge-palamos-sant-antoni-de-calonge-i-a-tota-la-costa-brava\">Welkom bij Taxi Calonge &amp; Palam\u00f3s, een bedrijf dat zich toelegt op het aanbieden van taxidiensten van topkwaliteit in Calonge, Palam\u00f3s, Sant Antoni de Calonge en de hele Costa Brava. <\/h2>\n\n\n\n<p class=\"has-text-align-center\">Onze missie is om een veilige, betrouwbare en comfortabele transportservice te bieden voor al onze klanten, zowel de lokale bevolking als bezoekers.<\/p>\n\n\n\n<div class=\"wp-block-jetpack-tiled-gallery alignwide is-style-rectangular\" style=\"margin-top:var(--wp--preset--spacing--60);margin-bottom:var(--wp--preset--spacing--60)\"><div class=\"\"><div class=\"tiled-gallery__gallery\"><div class=\"tiled-gallery__row\"><div class=\"tiled-gallery__col\" style=\"flex-basis:39.72726%\"><figure class=\"tiled-gallery__item\"><img decoding=\"async\" alt=\"\" data-height=\"300\" data-id=\"594\" data-link=\"https:\/\/taxicalongepalamos.com\/?attachment_id=594\" data-url=\"https:\/\/taxicalongepalamos.com\/wp-content\/uploads\/2022\/06\/img_0445.jpg\" data-width=\"534\" src=\"https:\/\/i0.wp.com\/taxicalongepalamos.com\/wp-content\/uploads\/2022\/06\/img_0445.jpg?ssl=1\" data-amp-layout=\"responsive\"\/><\/figure><figure class=\"tiled-gallery__item\"><img decoding=\"async\" alt=\"\" data-height=\"1080\" data-id=\"576\" data-link=\"https:\/\/taxicalongepalamos.com\/?attachment_id=576\" data-url=\"https:\/\/taxicalongepalamos.com\/wp-content\/uploads\/2022\/06\/img_0435-1024x683.jpg\" data-width=\"1620\" src=\"https:\/\/i0.wp.com\/taxicalongepalamos.com\/wp-content\/uploads\/2022\/06\/img_0435-1024x683.jpg?ssl=1\" data-amp-layout=\"responsive\"\/><\/figure><figure class=\"tiled-gallery__item\"><img decoding=\"async\" alt=\"\" data-height=\"3024\" data-id=\"2449\" data-link=\"https:\/\/taxicalongepalamos.com\/acerca-de\/img_8915\/\" data-url=\"https:\/\/taxicalongepalamos.com\/wp-content\/uploads\/2025\/10\/IMG_8915-1024x768.jpeg\" data-width=\"4032\" src=\"https:\/\/i0.wp.com\/taxicalongepalamos.com\/wp-content\/uploads\/2025\/10\/IMG_8915-1024x768.jpeg?ssl=1\" data-amp-layout=\"responsive\"\/><\/figure><\/div><div class=\"tiled-gallery__col\" style=\"flex-basis:60.27274%\"><figure class=\"tiled-gallery__item\"><img decoding=\"async\" alt=\"\" data-height=\"4032\" data-id=\"2450\" data-link=\"https:\/\/taxicalongepalamos.com\/acerca-de\/img_8960\/\" data-url=\"https:\/\/taxicalongepalamos.com\/wp-content\/uploads\/2025\/10\/IMG_8960-768x1024.jpeg\" data-width=\"3024\" src=\"https:\/\/i0.wp.com\/taxicalongepalamos.com\/wp-content\/uploads\/2025\/10\/IMG_8960-768x1024.jpeg?ssl=1\" data-amp-layout=\"responsive\"\/><\/figure><\/div><\/div><div class=\"tiled-gallery__row\"><div class=\"tiled-gallery__col\" style=\"flex-basis:100.00000%\"><figure class=\"tiled-gallery__item\"><img decoding=\"async\" alt=\"\" data-height=\"4032\" data-id=\"2448\" data-link=\"https:\/\/taxicalongepalamos.com\/acerca-de\/img_8961\/\" data-url=\"https:\/\/taxicalongepalamos.com\/wp-content\/uploads\/2025\/10\/IMG_8961-768x1024.jpeg\" data-width=\"3024\" src=\"https:\/\/i0.wp.com\/taxicalongepalamos.com\/wp-content\/uploads\/2025\/10\/IMG_8961-768x1024.jpeg?ssl=1\" data-amp-layout=\"responsive\"\/><\/figure><\/div><\/div><\/div><\/div><\/div>\n\n\n\n<div class=\"wp-block-columns alignwide is-layout-flex wp-container-core-columns-is-layout-45c10ec9 wp-block-columns-is-layout-flex\" style=\"margin-top:var(--wp--preset--spacing--60);margin-bottom:var(--wp--preset--spacing--60)\">\n<div class=\"wp-block-column is-layout-flow wp-block-column-is-layout-flow\" style=\"flex-basis:33.33%\">\n<h2 class=\"wp-block-heading\" id=\"h-la-nostra-historia\">Onze geschiedenis<\/h2>\n<\/div>\n\n\n\n<div class=\"wp-block-column is-layout-flow wp-block-column-is-layout-flow\" style=\"flex-basis:66.66%\">\n<p>Ruim tien jaar geleden zijn wij ons avontuur in de taxiwereld begonnen, met de ambitie om een referentie te worden op het gebied van kwaliteit en vertrouwen in de transportsector in onze regio. Sindsdien zijn we gegroeid dankzij het vertrouwen van onze klanten en onze voortdurende aanpassing aan nieuwe technologie\u00ebn en mobiliteitsbehoeften.<\/p>\n\n\n\n<p>We begrijpen dat verbondenheid belangrijker is dan ooit en daarom hebben we besloten deze online aanwezigheid te cre\u00ebren. Zo willen we het voor al onze klanten gemakkelijker maken om toegang te krijgen tot onze diensten, en bieden we een handige en effici\u00ebnte manier om onze taxi\u2019s te boeken.<\/p>\n<\/div>\n<\/div>\n\n\n\n<div class=\"wp-block-columns alignwide is-layout-flex wp-container-core-columns-is-layout-45c10ec9 wp-block-columns-is-layout-flex\" style=\"margin-top:var(--wp--preset--spacing--60);margin-bottom:var(--wp--preset--spacing--60)\">\n<div class=\"wp-block-column is-layout-flow wp-block-column-is-layout-flow\" style=\"flex-basis:33.33%\">\n<h2 class=\"wp-block-heading\" id=\"h-el-nostre-compromis\">Onze inzet<\/h2>\n<\/div>\n\n\n\n<div class=\"wp-block-column is-layout-flow wp-block-column-is-layout-flow\" style=\"flex-basis:66.66%\">\n<p>Bij Taxi Calonge &amp; Palam\u00f3s is onze toewijding aan kwaliteit en klanttevredenheid onze leidraad. Al onze chauffeurs zijn ervaren professionals, met diepgaande kennis van de streek, klaar om u de best mogelijke service te bieden. We zijn er trots op dat we een stipte, vriendelijke en persoonlijke service kunnen bieden, aangepast aan de specifieke behoeften van elke klant.<\/p>\n<\/div>\n<\/div>\n\n\n\n<p><\/p>","protected":false},"excerpt":{"rendered":"<p>Benvinguts a Taxi Calonge &amp; Palam\u00f3s, una empresa dedicada a oferir serveis de taxi de primera qualitat a Calonge, Palam\u00f3s, Sant Antoni de Calonge i a tota la Costa Brava. La nostra missi\u00f3 \u00e9s proporcionar un servei de transport segur, fiable i c\u00f2mode per a tots els nostres clients, tant locals com visitants. La Nostra [&hellip;]<\/p>\n","protected":false},"author":194005004,"featured_media":0,"parent":0,"menu_order":0,"comment_status":"closed","ping_status":"closed","template":"","meta":{"footnotes":""},"class_list":["post-1306","page","type-page","status-publish","hentry"],"yoast_head":"<!-- This site is optimized with the Yoast SEO Premium plugin v27.2 (Yoast SEO v27.4) - https:\/\/yoast.com\/product\/yoast-seo-premium-wordpress\/ -->\n<title>Acerca de - TAXI CALONGE &amp; PALAMOS<\/title>\n<meta name=\"robots\" content=\"index, follow, max-snippet:-1, max-image-preview:large, max-video-preview:-1\" \/>\n<link rel=\"canonical\" href=\"https:\/\/taxicalongepalamos.com\/nl\/acerca-de\/\" \/>\n<meta property=\"og:locale\" content=\"nl_NL\" \/>\n<meta property=\"og:type\" content=\"article\" \/>\n<meta property=\"og:title\" content=\"Acerca de\" \/>\n<meta property=\"og:description\" content=\"Benvinguts a Taxi Calonge &amp; Palam\u00f3s, una empresa dedicada a oferir serveis de taxi de primera qualitat a Calonge, Palam\u00f3s, Sant Antoni de Calonge i a tota la Costa Brava. La nostra missi\u00f3 \u00e9s proporcionar un servei de transport segur, fiable i c\u00f2mode per a tots els nostres clients, tant locals com visitants. La Nostra [&hellip;]\" \/>\n<meta property=\"og:url\" content=\"https:\/\/taxicalongepalamos.com\/nl\/acerca-de\/\" \/>\n<meta property=\"og:site_name\" content=\"TAXI CALONGE &amp; PALAMOS\" \/>\n<meta property=\"article:modified_time\" content=\"2026-01-26T17:42:55+00:00\" \/>\n<meta property=\"og:image\" content=\"https:\/\/i0.wp.com\/taxicalongepalamos.com\/wp-content\/uploads\/2022\/06\/img_0445.jpg?ssl=1\" \/>\n<meta name=\"twitter:card\" content=\"summary_large_image\" \/>\n<meta name=\"twitter:label1\" content=\"Verwachte leestijd\" \/>\n\t<meta name=\"twitter:data1\" content=\"2 minuten\" \/>\n<script type=\"application\/ld+json\" class=\"yoast-schema-graph\">{\"@context\":\"https:\\\/\\\/schema.org\",\"@graph\":[{\"@type\":\"WebPage\",\"@id\":\"https:\\\/\\\/taxicalongepalamos.com\\\/nl\\\/acerca-de\\\/\",\"url\":\"https:\\\/\\\/taxicalongepalamos.com\\\/nl\\\/acerca-de\\\/\",\"name\":\"Acerca de - TAXI CALONGE &amp; PALAMOS\",\"isPartOf\":{\"@id\":\"https:\\\/\\\/taxicalongepalamos.com\\\/ca\\\/#website\"},\"primaryImageOfPage\":{\"@id\":\"https:\\\/\\\/taxicalongepalamos.com\\\/nl\\\/acerca-de\\\/#primaryimage\"},\"image\":{\"@id\":\"https:\\\/\\\/taxicalongepalamos.com\\\/nl\\\/acerca-de\\\/#primaryimage\"},\"thumbnailUrl\":\"https:\\\/\\\/i0.wp.com\\\/taxicalongepalamos.com\\\/wp-content\\\/uploads\\\/2022\\\/06\\\/img_0445.jpg?ssl=1\",\"datePublished\":\"2024-02-22T15:29:50+00:00\",\"dateModified\":\"2026-01-26T17:42:55+00:00\",\"breadcrumb\":{\"@id\":\"https:\\\/\\\/taxicalongepalamos.com\\\/nl\\\/acerca-de\\\/#breadcrumb\"},\"inLanguage\":\"nl-NL\",\"potentialAction\":[{\"@type\":\"ReadAction\",\"target\":[\"https:\\\/\\\/taxicalongepalamos.com\\\/nl\\\/acerca-de\\\/\"]}]},{\"@type\":\"ImageObject\",\"inLanguage\":\"nl-NL\",\"@id\":\"https:\\\/\\\/taxicalongepalamos.com\\\/nl\\\/acerca-de\\\/#primaryimage\",\"url\":\"https:\\\/\\\/i0.wp.com\\\/taxicalongepalamos.com\\\/wp-content\\\/uploads\\\/2022\\\/06\\\/img_0445.jpg?ssl=1\",\"contentUrl\":\"https:\\\/\\\/i0.wp.com\\\/taxicalongepalamos.com\\\/wp-content\\\/uploads\\\/2022\\\/06\\\/img_0445.jpg?ssl=1\"},{\"@type\":\"BreadcrumbList\",\"@id\":\"https:\\\/\\\/taxicalongepalamos.com\\\/nl\\\/acerca-de\\\/#breadcrumb\",\"itemListElement\":[{\"@type\":\"ListItem\",\"position\":1,\"name\":\"Inici\",\"item\":\"https:\\\/\\\/taxicalongepalamos.com\\\/\"},{\"@type\":\"ListItem\",\"position\":2,\"name\":\"Acerca de\"}]},{\"@type\":\"WebSite\",\"@id\":\"https:\\\/\\\/taxicalongepalamos.com\\\/ca\\\/#website\",\"url\":\"https:\\\/\\\/taxicalongepalamos.com\\\/ca\\\/\",\"name\":\"TAXI CALONGE & PALAMOS\",\"description\":\"Servicio de taxi en Palam\u00f3s , Calonge-Sant Antoni\",\"alternateName\":\"Taxi Lluis\",\"potentialAction\":[{\"@type\":\"SearchAction\",\"target\":{\"@type\":\"EntryPoint\",\"urlTemplate\":\"https:\\\/\\\/taxicalongepalamos.com\\\/ca\\\/?s={search_term_string}\"},\"query-input\":{\"@type\":\"PropertyValueSpecification\",\"valueRequired\":true,\"valueName\":\"search_term_string\"}}],\"inLanguage\":\"nl-NL\"}]}<\/script>\n<!-- \/ Yoast SEO Premium plugin. -->","yoast_head_json":{"title":"Acerca de - TAXI CALONGE &amp; PALAMOS","robots":{"index":"index","follow":"follow","max-snippet":"max-snippet:-1","max-image-preview":"max-image-preview:large","max-video-preview":"max-video-preview:-1"},"canonical":"https:\/\/taxicalongepalamos.com\/nl\/acerca-de\/","og_locale":"nl_NL","og_type":"article","og_title":"Acerca de","og_description":"Benvinguts a Taxi Calonge &amp; Palam\u00f3s, una empresa dedicada a oferir serveis de taxi de primera qualitat a Calonge, Palam\u00f3s, Sant Antoni de Calonge i a tota la Costa Brava. La nostra missi\u00f3 \u00e9s proporcionar un servei de transport segur, fiable i c\u00f2mode per a tots els nostres clients, tant locals com visitants. La Nostra [&hellip;]","og_url":"https:\/\/taxicalongepalamos.com\/nl\/acerca-de\/","og_site_name":"TAXI CALONGE &amp; PALAMOS","article_modified_time":"2026-01-26T17:42:55+00:00","og_image":[{"url":"https:\/\/i0.wp.com\/taxicalongepalamos.com\/wp-content\/uploads\/2022\/06\/img_0445.jpg?ssl=1","type":"","width":"","height":""}],"twitter_card":"summary_large_image","twitter_misc":{"Verwachte leestijd":"2 minuten"},"schema":{"@context":"https:\/\/schema.org","@graph":[{"@type":"WebPage","@id":"https:\/\/taxicalongepalamos.com\/nl\/acerca-de\/","url":"https:\/\/taxicalongepalamos.com\/nl\/acerca-de\/","name":"Acerca de - TAXI CALONGE &amp; PALAMOS","isPartOf":{"@id":"https:\/\/taxicalongepalamos.com\/ca\/#website"},"primaryImageOfPage":{"@id":"https:\/\/taxicalongepalamos.com\/nl\/acerca-de\/#primaryimage"},"image":{"@id":"https:\/\/taxicalongepalamos.com\/nl\/acerca-de\/#primaryimage"},"thumbnailUrl":"https:\/\/i0.wp.com\/taxicalongepalamos.com\/wp-content\/uploads\/2022\/06\/img_0445.jpg?ssl=1","datePublished":"2024-02-22T15:29:50+00:00","dateModified":"2026-01-26T17:42:55+00:00","breadcrumb":{"@id":"https:\/\/taxicalongepalamos.com\/nl\/acerca-de\/#breadcrumb"},"inLanguage":"nl-NL","potentialAction":[{"@type":"ReadAction","target":["https:\/\/taxicalongepalamos.com\/nl\/acerca-de\/"]}]},{"@type":"ImageObject","inLanguage":"nl-NL","@id":"https:\/\/taxicalongepalamos.com\/nl\/acerca-de\/#primaryimage","url":"https:\/\/i0.wp.com\/taxicalongepalamos.com\/wp-content\/uploads\/2022\/06\/img_0445.jpg?ssl=1","contentUrl":"https:\/\/i0.wp.com\/taxicalongepalamos.com\/wp-content\/uploads\/2022\/06\/img_0445.jpg?ssl=1"},{"@type":"BreadcrumbList","@id":"https:\/\/taxicalongepalamos.com\/nl\/acerca-de\/#breadcrumb","itemListElement":[{"@type":"ListItem","position":1,"name":"Inici","item":"https:\/\/taxicalongepalamos.com\/"},{"@type":"ListItem","position":2,"name":"Acerca de"}]},{"@type":"WebSite","@id":"https:\/\/taxicalongepalamos.com\/ca\/#website","url":"https:\/\/taxicalongepalamos.com\/ca\/","name":"TAXI CALONGE &amp; PALAMOS","description":"Taxiservice in Palam\u00f3s, Calonge-Sant Antoni","alternateName":"Taxi Lluis","potentialAction":[{"@type":"SearchAction","target":{"@type":"EntryPoint","urlTemplate":"https:\/\/taxicalongepalamos.com\/ca\/?s={search_term_string}"},"query-input":{"@type":"PropertyValueSpecification","valueRequired":true,"valueName":"search_term_string"}}],"inLanguage":"nl-NL"}]}},"_links":{"self":[{"href":"https:\/\/taxicalongepalamos.com\/nl\/wp-json\/wp\/v2\/pages\/1306","targetHints":{"allow":["GET"]}}],"collection":[{"href":"https:\/\/taxicalongepalamos.com\/nl\/wp-json\/wp\/v2\/pages"}],"about":[{"href":"https:\/\/taxicalongepalamos.com\/nl\/wp-json\/wp\/v2\/types\/page"}],"author":[{"embeddable":true,"href":"https:\/\/taxicalongepalamos.com\/nl\/wp-json\/wp\/v2\/users\/194005004"}],"replies":[{"embeddable":true,"href":"https:\/\/taxicalongepalamos.com\/nl\/wp-json\/wp\/v2\/comments?post=1306"}],"version-history":[{"count":5,"href":"https:\/\/taxicalongepalamos.com\/nl\/wp-json\/wp\/v2\/pages\/1306\/revisions"}],"predecessor-version":[{"id":2577,"href":"https:\/\/taxicalongepalamos.com\/nl\/wp-json\/wp\/v2\/pages\/1306\/revisions\/2577"}],"wp:attachment":[{"href":"https:\/\/taxicalongepalamos.com\/nl\/wp-json\/wp\/v2\/media?parent=1306"}],"curies":[{"name":"wp","href":"https:\/\/api.w.org\/{rel}","templated":true}]}}